{"id":1838,"date":"2023-10-17T21:18:34","date_gmt":"2023-10-17T21:18:34","guid":{"rendered":"https:\/\/www.usulventures.com\/confidentiality-policy\/"},"modified":"2023-11-15T21:58:33","modified_gmt":"2023-11-15T21:58:33","slug":"gizlilik-politikasi","status":"publish","type":"page","link":"https:\/\/www.usulventures.com\/tr\/gizlilik-politikasi\/","title":{"rendered":"Gizlilik Politikas\u0131"},"content":{"rendered":"<div class=\"fusion-fullwidth fullwidth-box fusion-builder-row-1 fusion-flex-container has-pattern-background has-mask-background nonhundred-percent-fullwidth non-hundred-percent-height-scrolling\" style=\"--awb-border-radius-top-left:0px;--awb-border-radius-top-right:0px;--awb-border-radius-bottom-right:0px;--awb-border-radius-bottom-left:0px;--awb-flex-wrap:wrap;\" ><div class=\"fusion-builder-row fusion-row fusion-flex-align-items-flex-start fusion-flex-content-wrap\" style=\"max-width:1248px;margin-left: calc(-4% \/ 2 );margin-right: calc(-4% \/ 2 );\"><div class=\"fusion-layout-column fusion_builder_column fusion-builder-column-0 fusion_builder_column_1_1 1_1 fusion-flex-column\" style=\"--awb-bg-size:cover;--awb-width-large:100%;--awb-margin-top-large:0px;--awb-spacing-right-large:1.92%;--awb-margin-bottom-large:20px;--awb-spacing-left-large:1.92%;--awb-width-medium:100%;--awb-order-medium:0;--awb-spacing-right-medium:1.92%;--awb-spacing-left-medium:1.92%;--awb-width-small:100%;--awb-order-small:0;--awb-spacing-right-small:1.92%;--awb-spacing-left-small:1.92%;\"><div class=\"fusion-column-wrapper fusion-column-has-shadow fusion-flex-justify-content-flex-start fusion-content-layout-column\"><div class=\"fusion-text fusion-text-1\"><p>USUL G\u0130R\u0130\u015e\u0130MLER DANI\u015eMANLIK T\u0130CARET L\u0130M\u0130TED \u015e\u0130RKET\u0130 (\u201cUsul Ventures\u201d), kullan\u0131c\u0131 bilgilerinin gizlili\u011fini ve g\u00fcvenli\u011fini \u00f6n planda tutarak kullan\u0131c\u0131lar\u0131na elektronik ortamda \u00e7e\u015fitli hizmetler sunmaktad\u0131r.<\/p>\n<p>Bu elektronik ortamlar, <a href=\"http:\/\/www.usulventures.com\">www.usulventures.com<\/a> adresli internet sitesi ve mobil uygulama ve mobil uygulama \u00fczerinden yap\u0131lan her t\u00fcrl\u00fc hizmete uzaktan eri\u015fimi i\u00e7ermektedir.<\/p>\n<p>Usul Ventures, i\u015fbu <strong><u>\u201cGizlilik Politikas\u0131\u201d<\/u><\/strong> ve <u>\u201c<strong>Ayd\u0131nlatma Metni\u201d \u00e7er\u00e7evesinde kullan\u0131c\u0131lar hakk\u0131nda elde etti\u011fi bilgilerin gizlili\u011fini korumay\u0131 taahh\u00fct eder. Ki\u015fisel Verilerin \u0130\u015flenmesi\u201d<\/strong> <\/u>ki\u015filik haklar\u0131na sayg\u0131l\u0131d\u0131r.<\/p>\n<p><em>Usul Giri\u015fimleri;<\/em><\/p>\n<ol>\n<li><em>Usul Ventures, bu bilgilere yetkisiz eri\u015fimi \u00f6nlemek amac\u0131yla bilgi sistemleri \u00fczerinde gerekli g\u00fcvenlik \u00f6nlemlerini al\u0131r.<\/em><\/li>\n<li><em>Usul Ventures \u00e7al\u0131\u015fanlar\u0131, sadece \u201cbilmesi gerekenler\u201d ilkesi \u00e7er\u00e7evesinde; bu bilgilere \u201cs\u0131n\u0131rl\u0131 ve gerekti\u011fi kadar\u201d eri\u015febilirler.<\/em><\/li>\n<li><em>Usul Ventures, ki\u015fisel verilerin korunmas\u0131 ve di\u011fer mevzuat h\u00fck\u00fcmleri ile i\u00e7 d\u00fczenlemelere uygun olarak kullan\u0131c\u0131 bilgilerinin edinilmesi, kullan\u0131lmas\u0131, saklanmas\u0131 ve di\u011fer ki\u015filerle payla\u015f\u0131lmas\u0131na ili\u015fkin her t\u00fcrl\u00fc i\u015flemi y\u00fcr\u00fctmektedir.<\/em>< \/li>\n<li><em>Bu kapsamda kullan\u0131c\u0131lara daha iyi bir hizmet deneyimi sunmak ve kanunlarda a\u00e7\u0131k\u00e7a tan\u0131mlanan y\u00fck\u00fcml\u00fcl\u00fcklerin yerine getirilmesi amac\u0131yla kullan\u0131c\u0131lara ait her t\u00fcrl\u00fc bilgi elde edilir, kullan\u0131l\u0131r, saklan\u0131r ve bu \u00fc\u00e7\u00fcnc\u00fc ki\u015filerle payla\u015f\u0131l\u0131r. <\/em><\/li>\n<li><em>\u0130lgili mevzuat kapsam\u0131nda yap\u0131lan payla\u015f\u0131mlar ve hizmet sunumu kapsam\u0131nda kullan\u0131c\u0131lar\u0131n r\u0131zas\u0131 d\u0131\u015f\u0131nda payla\u015f\u0131lmaz.<\/em><\/li>\n<li><em>Usul Ventures, telefon numaras\u0131, eri\u015fim tarihi ve saati, cihaz t\u00fcr\u00fc ve cihaz kimli\u011fi, i\u015fletim sistemi ve donan\u0131m ayar\u0131, taray\u0131c\u0131 t\u00fcr\u00fc, bilgiler ve s\u00fcr\u00fcm gibi belirli bilgiler dahil ancak bunlarla s\u0131n\u0131rl\u0131 olmamak \u00fczere kullan\u0131m izleme bilgilerini izleyebilir ve toplayabilir , IP adresi ve WLAN (Kablosuz Yerel Alan A\u011f\u0131), dil konumu, kullan\u0131c\u0131lar\u0131n hizmetlere eri\u015fimi ve kullan\u0131m\u0131 yoluyla; baz\u0131 bilgiler (kamera, foto\u011fraf galerisi, telefon numaras\u0131, eri\u015fim tarihi ve saati, cihaz t\u00fcr\u00fc ve cihaz kimli\u011fi, i\u015fletim sistemi ve donan\u0131m ayarlar\u0131, GPS, cihaz\u0131n MAC adresi, kurulum listesi, cihaz kimli\u011fi, UUID, IMEI bilgileri) do\u011frudan edinilebilir. Usul Ventures veya \u00fc\u00e7\u00fcnc\u00fc taraf hizmet sa\u011flay\u0131c\u0131lar\u0131. Bu verilerin Usul Ventures taraf\u0131ndan nas\u0131l i\u015flendi\u011fine ili\u015fkin detayl\u0131 ayd\u0131nlatma metnimize <strong><u>\u201cKi\u015fisel Verilerin \u0130\u015flenmesine \u0130li\u015fkin Ayd\u0131nlatma Metni\u201d<\/u><\/strong><\/em><\/ ba\u015fl\u0131\u011f\u0131 alt\u0131nda ula\u015fabilirsiniz. li>\n<li><em>Usul Ventures Kullan\u0131m Ko\u015fullar\u0131 veya Ki\u015fisel Verilerin \u0130\u015flenmesine \u0130li\u015fkin Ayd\u0131nlatma Metni&#8217;nde aksi belirtilmedi\u011fi s\u00fcrece, kullan\u0131c\u0131 bilgileri yaln\u0131zca kullan\u0131c\u0131n\u0131n talep etti\u011fi hizmetin yerine getirilmesi ve me\u015fru hukukun korunmas\u0131 ama\u00e7lar\u0131 do\u011frultusunda i\u015flenir. Usul Ventures&#8217;\u0131n menfaatleri do\u011frultusunda, kullan\u0131c\u0131n\u0131n a\u00e7\u0131k r\u0131zas\u0131 bulunmad\u0131\u011f\u0131 takdirde hizmet talebini a\u015fan pazarlama ve\/veya \u00fcr\u00fcn sunumu gibi \u00e7al\u0131\u015fmalara tabi de\u011fildir. Bu t\u00fcr mesajlar yaln\u0131zca <strong><u>ticari mesaj izni<\/u><\/strong><\/em><\/li>\n<p> vermi\u015f olan kullan\u0131c\u0131lara g\u00f6nderilir.<\/p>\n<li><em>Usul Ventures, ki\u015fisel verilerin k\u00f6t\u00fc niyetli ve yetkisiz ki\u015filerce elde edilmesi durumunda mevzuatta \u00f6ng\u00f6r\u00fcld\u00fc\u011f\u00fc \u015fekilde ilgili kullan\u0131c\u0131lar\u0131 bilgilendirecektir.<\/em><\/li>\n<li><em>Usul Ventures taraf\u0131ndan kullan\u0131c\u0131 bilgilerinin nas\u0131l i\u015flendi\u011fine ili\u015fkin detayl\u0131 ayd\u0131nlatma metnimize <strong><u>\u201cKi\u015fisel Verilerin \u0130\u015flenmesine \u0130li\u015fkin Ayd\u0131nlatma Metni\u201d ba\u015fl\u0131\u011f\u0131ndan ula\u015fabilirsiniz.<\/u><\/strong>< \/em><\/li>\n<li><em>Elektronik hizmet ortamlar\u0131m\u0131zdan baz\u0131lar\u0131 zaman zaman \u00fc\u00e7\u00fcnc\u00fc taraf web siteleri gibi belirli elektronik ortamlara ba\u011flant\u0131 verebilir. \u0130\u015fbu Gizlilik Politikas\u0131nda yer alan taahh\u00fctler ve ilkeler yaln\u0131zca Usul Ventures&#8217;a ait elektronik hizmet kanallar\u0131 i\u00e7in ge\u00e7erli olup, di\u011fer \u00fc\u00e7\u00fcnc\u00fc taraf ortamlar\u0131 kapsamamaktad\u0131r. Ba\u011flant\u0131 yoluyla eri\u015filecek di\u011fer elektronik ortamlar, kullan\u0131ma ili\u015fkin farkl\u0131 ve benzersiz gizlilik g\u00fcvencesine ve kullan\u0131m ko\u015fullar\u0131na sahip olabilir ve bu ko\u015fullar, Usul Ventures taraf\u0131ndan sa\u011flananlardan daha d\u00fc\u015f\u00fck bir g\u00fcvenlik seviyesine kar\u015f\u0131l\u0131k gelebilir. <\/em><\/li>\n<li><em>Buna g\u00f6re <\/em><em>Usul Ventures, sitede reklam, banner, i\u00e7erik veya ba\u015fka ama\u00e7larla kullan\u0131lan \u00fc\u00e7\u00fcnc\u00fc ki\u015filere ait elektronik ortamlarda meydana gelebilecek maddi\/manevi zarar ve kay\u0131plardan sorumlu tutulamaz. elektronik hizmet kanallar\u0131m\u0131z ve bu ortamlarda olu\u015fabilecek bilgi kullan\u0131m\u0131, etnik ilkeler, gizlilik ilkeleri, kalite ve hizmet kalitemiz.<\/em><\/li>\n<li><strong><em>Bu politika T\u00fcrk\u00e7e ve \u0130ngilizce olarak haz\u0131rlanm\u0131\u015f olup, iki versiyon aras\u0131nda farkl\u0131l\u0131k olmas\u0131 durumunda T\u00fcrk\u00e7e versiyon esas al\u0131nacakt\u0131r.<\/em><\/strong><\/li >\n<\/ol>\n<p>Usul Ventures platformunu ve di\u011fer elektronik hizmet kanallar\u0131n\u0131 kullanan her kullan\u0131c\u0131m\u0131z yukar\u0131da belirtilen ko\u015fullar\u0131 kabul etmi\u015f say\u0131l\u0131r<em>.<\/em><\/p>\n<\/div><\/div><\/div><\/div><\/div>\n","protected":false},"excerpt":{"rendered":"","protected":false},"author":1,"featured_media":0,"parent":0,"menu_order":0,"comment_status":"closed","ping_status":"closed","template":"100-width.php","meta":{"footnotes":""},"class_list":["post-1838","page","type-page","status-publish","hentry"],"yoast_head":"<!-- This site is optimized with the Yoast SEO plugin v24.0 - https:\/\/yoast.com\/wordpress\/plugins\/seo\/ -->\n<title>Gizlilik Politikas\u0131 - Usul Ventures<\/title>\n<meta name=\"robots\" content=\"index, follow, max-snippet:-1, max-image-preview:large, max-video-preview:-1\" \/>\n<link rel=\"canonical\" href=\"https:\/\/www.usulventures.com\/tr\/gizlilik-politikasi\/\" \/>\n<meta property=\"og:locale\" content=\"tr_TR\" \/>\n<meta property=\"og:type\" content=\"article\" \/>\n<meta property=\"og:title\" content=\"Gizlilik Politikas\u0131 - Usul Ventures\" \/>\n<meta property=\"og:url\" content=\"https:\/\/www.usulventures.com\/tr\/gizlilik-politikasi\/\" \/>\n<meta property=\"og:site_name\" content=\"Usul Ventures\" \/>\n<meta property=\"article:modified_time\" content=\"2023-11-15T21:58:33+00:00\" \/>\n<meta name=\"twitter:card\" content=\"summary_large_image\" \/>\n<meta name=\"twitter:label1\" content=\"Tahmini okuma s\u00fcresi\" \/>\n\t<meta name=\"twitter:data1\" content=\"7 dakika\" \/>\n<script type=\"application\/ld+json\" class=\"yoast-schema-graph\">{\"@context\":\"https:\/\/schema.org\",\"@graph\":[{\"@type\":\"WebPage\",\"@id\":\"https:\/\/www.usulventures.com\/tr\/gizlilik-politikasi\/\",\"url\":\"https:\/\/www.usulventures.com\/tr\/gizlilik-politikasi\/\",\"name\":\"Gizlilik Politikas\u0131 - Usul Ventures\",\"isPartOf\":{\"@id\":\"https:\/\/www.usulventures.com\/#website\"},\"datePublished\":\"2023-10-17T21:18:34+00:00\",\"dateModified\":\"2023-11-15T21:58:33+00:00\",\"breadcrumb\":{\"@id\":\"https:\/\/www.usulventures.com\/tr\/gizlilik-politikasi\/#breadcrumb\"},\"inLanguage\":\"tr\",\"potentialAction\":[{\"@type\":\"ReadAction\",\"target\":[\"https:\/\/www.usulventures.com\/tr\/gizlilik-politikasi\/\"]}]},{\"@type\":\"BreadcrumbList\",\"@id\":\"https:\/\/www.usulventures.com\/tr\/gizlilik-politikasi\/#breadcrumb\",\"itemListElement\":[{\"@type\":\"ListItem\",\"position\":1,\"name\":\"Home\",\"item\":\"https:\/\/www.usulventures.com\/tr\/\"},{\"@type\":\"ListItem\",\"position\":2,\"name\":\"Gizlilik Politikas\u0131\"}]},{\"@type\":\"WebSite\",\"@id\":\"https:\/\/www.usulventures.com\/#website\",\"url\":\"https:\/\/www.usulventures.com\/\",\"name\":\"Usul Ventures\",\"description\":\"Financial Coach\",\"potentialAction\":[{\"@type\":\"SearchAction\",\"target\":{\"@type\":\"EntryPoint\",\"urlTemplate\":\"https:\/\/www.usulventures.com\/?s={search_term_string}\"},\"query-input\":{\"@type\":\"PropertyValueSpecification\",\"valueRequired\":true,\"valueName\":\"search_term_string\"}}],\"inLanguage\":\"tr\"}]}<\/script>\n<!-- \/ Yoast SEO plugin. -->","yoast_head_json":{"title":"Gizlilik Politikas\u0131 - Usul Ventures","robots":{"index":"index","follow":"follow","max-snippet":"max-snippet:-1","max-image-preview":"max-image-preview:large","max-video-preview":"max-video-preview:-1"},"canonical":"https:\/\/www.usulventures.com\/tr\/gizlilik-politikasi\/","og_locale":"tr_TR","og_type":"article","og_title":"Gizlilik Politikas\u0131 - Usul Ventures","og_url":"https:\/\/www.usulventures.com\/tr\/gizlilik-politikasi\/","og_site_name":"Usul Ventures","article_modified_time":"2023-11-15T21:58:33+00:00","twitter_card":"summary_large_image","twitter_misc":{"Tahmini okuma s\u00fcresi":"7 dakika"},"schema":{"@context":"https:\/\/schema.org","@graph":[{"@type":"WebPage","@id":"https:\/\/www.usulventures.com\/tr\/gizlilik-politikasi\/","url":"https:\/\/www.usulventures.com\/tr\/gizlilik-politikasi\/","name":"Gizlilik Politikas\u0131 - Usul Ventures","isPartOf":{"@id":"https:\/\/www.usulventures.com\/#website"},"datePublished":"2023-10-17T21:18:34+00:00","dateModified":"2023-11-15T21:58:33+00:00","breadcrumb":{"@id":"https:\/\/www.usulventures.com\/tr\/gizlilik-politikasi\/#breadcrumb"},"inLanguage":"tr","potentialAction":[{"@type":"ReadAction","target":["https:\/\/www.usulventures.com\/tr\/gizlilik-politikasi\/"]}]},{"@type":"BreadcrumbList","@id":"https:\/\/www.usulventures.com\/tr\/gizlilik-politikasi\/#breadcrumb","itemListElement":[{"@type":"ListItem","position":1,"name":"Home","item":"https:\/\/www.usulventures.com\/tr\/"},{"@type":"ListItem","position":2,"name":"Gizlilik Politikas\u0131"}]},{"@type":"WebSite","@id":"https:\/\/www.usulventures.com\/#website","url":"https:\/\/www.usulventures.com\/","name":"Usul Ventures","description":"Financial Coach","potentialAction":[{"@type":"SearchAction","target":{"@type":"EntryPoint","urlTemplate":"https:\/\/www.usulventures.com\/?s={search_term_string}"},"query-input":{"@type":"PropertyValueSpecification","valueRequired":true,"valueName":"search_term_string"}}],"inLanguage":"tr"}]}},"_links":{"self":[{"href":"https:\/\/www.usulventures.com\/tr\/wp-json\/wp\/v2\/pages\/1838","targetHints":{"allow":["GET"]}}],"collection":[{"href":"https:\/\/www.usulventures.com\/tr\/wp-json\/wp\/v2\/pages"}],"about":[{"href":"https:\/\/www.usulventures.com\/tr\/wp-json\/wp\/v2\/types\/page"}],"author":[{"embeddable":true,"href":"https:\/\/www.usulventures.com\/tr\/wp-json\/wp\/v2\/users\/1"}],"replies":[{"embeddable":true,"href":"https:\/\/www.usulventures.com\/tr\/wp-json\/wp\/v2\/comments?post=1838"}],"version-history":[{"count":2,"href":"https:\/\/www.usulventures.com\/tr\/wp-json\/wp\/v2\/pages\/1838\/revisions"}],"predecessor-version":[{"id":1850,"href":"https:\/\/www.usulventures.com\/tr\/wp-json\/wp\/v2\/pages\/1838\/revisions\/1850"}],"wp:attachment":[{"href":"https:\/\/www.usulventures.com\/tr\/wp-json\/wp\/v2\/media?parent=1838"}],"curies":[{"name":"wp","href":"https:\/\/api.w.org\/{rel}","templated":true}]}}