{"id":1839,"date":"2023-10-17T21:13:00","date_gmt":"2023-10-17T21:13:00","guid":{"rendered":"https:\/\/www.usulventures.com\/clarification-text\/"},"modified":"2024-04-12T19:58:56","modified_gmt":"2024-04-12T19:58:56","slug":"aydinlatma-metni","status":"publish","type":"page","link":"https:\/\/www.usulventures.com\/tr\/aydinlatma-metni\/","title":{"rendered":"Ayd\u0131nlatma Metni"},"content":{"rendered":"<div class=\"fusion-fullwidth fullwidth-box fusion-builder-row-1 fusion-flex-container has-pattern-background has-mask-background nonhundred-percent-fullwidth non-hundred-percent-height-scrolling\" style=\"--awb-border-radius-top-left:0px;--awb-border-radius-top-right:0px;--awb-border-radius-bottom-right:0px;--awb-border-radius-bottom-left:0px;--awb-flex-wrap:wrap;\" ><div class=\"fusion-builder-row fusion-row fusion-flex-align-items-flex-start fusion-flex-content-wrap\" style=\"max-width:1248px;margin-left: calc(-4% \/ 2 );margin-right: calc(-4% \/ 2 );\"><div class=\"fusion-layout-column fusion_builder_column fusion-builder-column-0 fusion_builder_column_1_1 1_1 fusion-flex-column\" style=\"--awb-bg-size:cover;--awb-width-large:100%;--awb-margin-top-large:0px;--awb-spacing-right-large:1.92%;--awb-margin-bottom-large:20px;--awb-spacing-left-large:1.92%;--awb-width-medium:100%;--awb-order-medium:0;--awb-spacing-right-medium:1.92%;--awb-spacing-left-medium:1.92%;--awb-width-small:100%;--awb-order-small:0;--awb-spacing-right-small:1.92%;--awb-spacing-left-small:1.92%;\"><div class=\"fusion-column-wrapper fusion-column-has-shadow fusion-flex-justify-content-flex-start fusion-content-layout-column\"><div class=\"fusion-text fusion-text-1\"><p>USUL G\u0130R\u0130\u015e\u0130MLER DANI\u015eMANLIK T\u0130CARET L\u0130M\u0130TED \u015e\u0130RKET\u0130 (\u201cUsul Ventures\u201d veya \u201c\u015eirket\u201d) olarak, gerek web sitemizi kullan\u0131rken gerekse ilgili ba\u015fvuru formlar\u0131n\u0131 doldurarak bize iletti\u011finiz t\u00fcm ki\u015fisel verilerinizin g\u00fcvenli\u011finin sa\u011flanmas\u0131na b\u00fcy\u00fck \u00f6nem vermekteyiz. veya ba\u015fta Avrupa Birli\u011fi Genel Veri Koruma Y\u00f6netmeli\u011fi (\u201cGDPR\u201d) olmak \u00fczere ilgili mevzuat \u00e7er\u00e7evesinde ba\u015fka yollarla.<\/p>\n<ol>\n<li><strong>Veri Denetleyicisi<\/strong>; GDPR Madde 4. Tan\u0131mlar kapsam\u0131nda ki\u015fisel verilerin i\u015flenme ama\u00e7lar\u0131n\u0131 ve vas\u0131talar\u0131n\u0131 belirleyen ger\u00e7ek veya t\u00fczel ki\u015fi olarak tan\u0131mlanmakta olup, Usul Ventures veri kay\u0131t sisteminin kurulmas\u0131ndan ve y\u00f6netilmesinden sorumlu olup, Nat ise veri sorumlusudur. de\u011ferli yat\u0131r\u0131mc\u0131lar\u0131m\u0131za\/potansiyel yat\u0131r\u0131mc\u0131lar\u0131m\u0131za ili\u015fkin veriler.<\/li>\n<li><strong>Ki\u015fisel Verilerinizin \u0130\u015flenme Amac\u0131;<\/strong> Ad-soyad, do\u011fum tarihi, do\u011fum yeri, anne ad\u0131, baba ad\u0131, cep telefonu numaras\u0131, e-posta adresi, kimlik bilgileri gibi bilgilerden elde edilen bilgiler Siz de\u011ferli yat\u0131r\u0131mc\u0131lar\u0131m\u0131za ait numara(lar), di\u011fer kimlik bilgileri, foto\u011fraf, banka hesap numaralar\u0131, adres, meslek bilgileri, cihaz t\u00fcr\u00fc ve kimli\u011fi, kullan\u0131ma ili\u015fkin takip bilgileri, IP adresi ve WLAN (Kablosuz Yerel Alan A\u011f\u0131), i\u015flem ge\u00e7mi\u015fi formu, eri\u015fim tarihi ve saati, taray\u0131c\u0131 t\u00fcr\u00fc ve s\u00fcr\u00fcm\u00fc, konum bilgileri, sonu\u00e7, ifa ve fesih dahil t\u00fcm a\u015famalarda veri sorumlusu Usul Ventures taraf\u0131ndan t\u00fcm yasal mevzuata uygun olarak a\u015fa\u011f\u0131daki ama\u00e7larla i\u015flenecektir. Yapaca\u011f\u0131n\u0131z anla\u015fmalar\u0131n;\n<ul>\n<li>Hizmetlerimizi sunmak ve bu ba\u011flamda yat\u0131r\u0131mc\u0131 kimli\u011finizi do\u011frulamak,<\/li>\n<li>Yat\u0131r\u0131mc\u0131 hesaplar\u0131n\u0131n ve ar\u015fivlerinin korunmas\u0131,<\/li>\n<li>Yasal ve idari tedbirlere uymak amac\u0131yla,<\/li>\n<li>Sat\u0131n ald\u0131\u011f\u0131n\u0131z\/alaca\u011f\u0131n\u0131z \u00fcr\u00fcn ve hizmetlerde kullan\u0131lmak, yeni \u00fcr\u00fcn ve hizmet tekliflerini taraf\u0131n\u0131za iletebilmek,<\/li>\n<li>Sistemlerimizin performans\u0131n\u0131 \u00f6l\u00e7erek yat\u0131r\u0131mc\u0131 memnuniyetini en \u00fcst seviyede tutmak,<\/li>\n<li>Ticari\/i\u015f stratejilerinin planlanmas\u0131,<\/li>\n<li>Web sitemizin, mobil uygulamalar\u0131m\u0131z\u0131n, di\u011fer \u00e7evrimi\u00e7i uygulama ve \u00fcr\u00fcnlerimizin g\u00fcvenli\u011finin sa\u011flanmas\u0131,<\/li>\n<li>Modelleme, raporlama, puanlama, risk izleme, istihbarat, mevcut veya yeni \u00fcr\u00fcn \u00e7al\u0131\u015fmalar\u0131 ve potansiyel yat\u0131r\u0131mc\u0131 tespiti,<\/li>\n<li>Yap\u0131lacak i\u015f ve i\u015flemlere esas olacak bilgi ve belgelerin d\u00fczenlenmesi,<\/li>\n<li>\u0130lgili mevzuat uyar\u0131nca t\u00fcm adli ve idari otoriteler taraf\u0131ndan \u00f6ng\u00f6r\u00fclen bilgi saklama, raporlama ve a\u00e7\u0131klama y\u00fck\u00fcml\u00fcl\u00fcklerine uymak, bu otoritelerden gelen talep veya kararlar\u0131n yerine getirilmesini sa\u011flamak,<\/li>\n<li>S\u00f6zle\u015fmeye ayk\u0131r\u0131l\u0131\u011f\u0131n ve hukuka ayk\u0131r\u0131l\u0131\u011f\u0131n ara\u015ft\u0131r\u0131lmas\u0131, tespiti ve \u00f6nlenmesi amac\u0131yla bu makamlara bildirimde bulunmak,<\/li>\n<li>Mevcut ve gelecekteki hukuki ihtilaflar\u0131n \u00e7\u00f6z\u00fcm\u00fc,<\/li>\n<li>Yat\u0131r\u0131mc\u0131 hesap g\u00fcvenli\u011fi ile sistem g\u00fcvenli\u011finin sa\u011flanmas\u0131; Kara para aklama mevzuat\u0131 kapsam\u0131ndaki y\u00fck\u00fcml\u00fcl\u00fcklerin yerine getirilmesi ve doland\u0131r\u0131c\u0131l\u0131k ve su\u00e7un \u00f6nlenmesi gibi me\u015fru menfaatlerimizi yerine getirmek,<\/li>\n<li>Sistemlerimizin, hizmetlerimizin ve aray\u00fcz\u00fcm\u00fcz\u00fcn t\u00fcm platformlar\u0131 (IOS, Android) kullanan yat\u0131r\u0131mc\u0131lar i\u00e7in eri\u015filebilir olmas\u0131n\u0131 sa\u011flamak.<\/li>\n<\/ul>\n<\/li>\n<\/ol>\n<p>Veri sorumlusu olarak ki\u015fisel verileriniz, \u00fcyelik i\u015flemlerinin ger\u00e7ekle\u015ftirilmesi, sorun ve \u015fikayetlerinizin \u00e7\u00f6z\u00fcmlenmesi, hizmetlerimiz, tekliflerimiz ve size ait olabilecek di\u011fer pazarlama \u00f6\u011felerine ili\u015fkin haber, bilgi ve g\u00fcncellemelerin g\u00f6nderilmesi gibi ama\u00e7larla \u015eirketimiz taraf\u0131ndan saklan\u0131p i\u015flenebilecektir. Ticari elektronik iletilere onay vermeniz durumunda yat\u0131r\u0131mc\u0131lar\u0131m\u0131z\u0131n ihtiya\u00e7lar\u0131n\u0131 anlamak, isteklerine daha h\u0131zl\u0131 yan\u0131t vermek ve yat\u0131r\u0131mc\u0131lar\u0131m\u0131zla ileti\u015fimimizi geli\u015ftirerek daha iyi hizmet sunmak, \u00fcr\u00fcn ve hizmetlerimiz hakk\u0131nda sizleri bilgilendirmek, taleplerinizi almak, \u00fcr\u00fcn ve hizmetlerimiz hakk\u0131nda g\u00f6r\u00fc\u015f almak, \u00fcr\u00fcn ve hizmetlerimizi talep ve ihtiya\u00e7lar\u0131n\u0131z do\u011frultusunda geli\u015ftirmek, \u00e7e\u015fitlendirmek ve ilgili mevzuat\u0131n \u00f6ng\u00f6rd\u00fc\u011f\u00fc \u015fekilde gerekli kalite ve standart denetimlerimizi ger\u00e7ekle\u015ftirmek veya mevzuat kapsam\u0131nda \u00f6ng\u00f6r\u00fclen raporlama ve di\u011fer y\u00fck\u00fcml\u00fcl\u00fcklerimizi yerine getirmek. ilgili mevzuat. Bu hizmet \u00fc\u00e7\u00fcnc\u00fc \u015fah\u0131slardan al\u0131nabilir.<\/p>\n<ol start=\"3\">\n<li><strong>Ki\u015fisel Verilerinizin Aktar\u0131lmas\u0131;<\/strong> Usul Ventures&#8217;ta ki\u015fisel verileriniz g\u00fcvenli bir \u015fekilde saklan\u0131r ve a\u015fa\u011f\u0131daki durumlar haricinde \u00fc\u00e7\u00fcnc\u00fc ki\u015filere aktar\u0131lmaz. Ki\u015fisel verileriniz, Usul Ventures taraf\u0131ndan i\u015f ortaklar\u0131na, dan\u0131\u015fmanlara, yetkili mahkeme ve\/veya kurumlara ve kamu kurum ve kurulu\u015flar\u0131na, T\u00fcrkiye, AB \u00fclkeleri, \u0130ngiltere ve ABD&#8217;deki hukuki ve mali denetimler kapsam\u0131nda; GDPR ve bu metinde belirtilen yerlerin kanunlar\u0131. Ayr\u0131ca ki\u015fisel verileriniz Usul Ventures taraf\u0131ndan do\u011frudan veya dolayl\u0131 olarak yetkilendirdi\u011finiz herhangi bir \u00fc\u00e7\u00fcnc\u00fc tarafa aktar\u0131labilir.<br \/>\nBelirli ki\u015fisel veri i\u015fleme \u015fartlar\u0131 ve ama\u00e7lar\u0131 \u00e7er\u00e7evesinde dan\u0131\u015fmanl\u0131k, destek veya di\u011fer hizmetleri alan veya almay\u0131 d\u00fc\u015f\u00fcnen kurum ve kurulu\u015flar.<\/li>\n<\/ol>\n<p>Usul Ventures, ki\u015fisel verilerinizi \u00f6zellikle a\u015fa\u011f\u0131daki hallerde belirtilen ki\u015filere aktarabilir, i\u015fleyebilir ve saklayabilir;<\/p>\n<ul>\n<li>Kanun ve di\u011fer mevzuat h\u00fck\u00fcmlerinin gerektirdi\u011fi\/izin verdi\u011fi ki\u015fi, kurum ve\/veya kurulu\u015flara,<\/li>\n<li>Ki\u015fisel veri almaya yetkili olan her t\u00fcrl\u00fc kamu t\u00fczel ki\u015fisi, merciler,<\/li>\n<li>Usul Ventures&#8217;\u0131n \u015firketleri, \u015firket gruplar\u0131,<\/li>\n<li>Faaliyetlerimizi y\u00fcr\u00fctmek i\u00e7in hukuk, vergi vb. alanlarda destek, dan\u0131\u015fmanl\u0131k ve hizmet al\u0131nan \u00fc\u00e7\u00fcnc\u00fc taraflara,<\/li>\n<li>Program orta\u011f\u0131 kurum, kurulu\u015flar, yerli\/yabanc\u0131 bankalar, fonlar ve i\u015fbirli\u011fi i\u00e7inde oldu\u011fumuz kurumlar,<\/li>\n<li>Hizmet\/destek\/dan\u0131\u015fmanl\u0131k alan veya proje\/program\/finansman orta\u011f\u0131 olan yurt i\u00e7i\/yurt d\u0131\u015f\u0131\/uluslararas\u0131 kurulu\u015flar ile ba\u011f\u0131ms\u0131z denetim ve destek hizmeti alan kurulu\u015flar,<\/li>\n<li>Ki\u015fisel verilerinizi yurt i\u00e7inde veya yurt d\u0131\u015f\u0131nda ba\u015fta AB \u00fclkeleri, \u0130ngiltere, OECD \u00fclkeleri olmak \u00fczere; gerekli g\u00fcvenlik tedbirleri al\u0131nmak \u015fart\u0131yla i\u015flenir ve saklan\u0131r. Ki\u015fisel verilerin yurt d\u0131\u015f\u0131na aktar\u0131lmas\u0131na ili\u015fkin daha detayl\u0131 bilgi i\u00e7in l\u00fctfen <strong><u>Ki\u015fisel verilerin i\u015flenmesine ili\u015fkin ayd\u0131nlatma metnini<\/u><\/strong> inceleyin.<\/li>\n<\/ul>\n<ol start=\"4\">\n<li><strong>Ki\u015fisel Verilerinizin Toplanma Y\u00f6ntemi ve Hukuki Sebebi;<\/strong> T\u00fcm s\u00f6zle\u015fmeler\/bilgi formlar\u0131 ve di\u011fer belgeler dahil olmak \u00fczere \u00e7e\u015fitli y\u00f6ntemlerle, yapaca\u011f\u0131n\u0131z bildirimler arac\u0131l\u0131\u011f\u0131yla, web sitemiz, mobil uygulamalar\u0131m\u0131z arac\u0131l\u0131\u011f\u0131yla, di\u011fer online uygulama ve \u00fcr\u00fcnler, \u00e7a\u011fr\u0131 merkezimiz veya hizmet ald\u0131\u011f\u0131m\u0131z \u00e7a\u011fr\u0131 merkezimiz ile KPS, SMS, e-posta, 3. parti hizmet sa\u011flay\u0131c\u0131lar gibi kanallar \u00fczerinden s\u00f6zl\u00fc, yaz\u0131l\u0131 veya yurt i\u00e7i dahil elektronik ortamda yap\u0131lan g\u00f6r\u00fc\u015fmeler \/tamamen veya k\u0131smen otomatik olan veya herhangi bir veri kay\u0131t sisteminin par\u00e7as\u0131 olmayan yurt d\u0131\u015f\u0131 i\u015ftiraklerimiz, i\u015fbirli\u011fi yapt\u0131\u011f\u0131m\u0131z program orta\u011f\u0131 kurum ve kurulu\u015flar, resmi kurumlar, yerli\/yabanc\u0131 ve di\u011fer \u00fc\u00e7\u00fcnc\u00fc ki\u015filer ile mevzuat \u00e7er\u00e7evesinde belirlenen s\u00fcreler i\u00e7erisinde saklanmaktad\u0131r. . Bu me\u015fru sebeplerle toplanan ki\u015fisel veriler, Usul Ventures taraf\u0131ndan GDPR&#8217;de \u00f6ng\u00f6r\u00fclen temel ilkelere ve burada belirtilen ama\u00e7larla GDPR Madde 6 ve Kanun&#8217;un ilgili di\u011fer maddelerinde belirtilen ki\u015fisel veri i\u015fleme \u015fartlar\u0131 ve ama\u00e7lar\u0131na uygun olarak i\u015flenebilecek ve aktar\u0131labilecektir.<\/li>\n<\/ol>\n<p><strong>Ki\u015fisel Verilerin \u0130\u015flenme Amac\u0131;<\/strong><\/p>\n<p>\u00dcyelik s\u00f6zle\u015fmesinin m\u00fczakere edilmesi, kurulmas\u0131, ifas\u0131 ve ilgili ki\u015finin temel hak ve \u00f6zg\u00fcrl\u00fcklerine zarar vermemek kayd\u0131yla, ki\u015fisel verileriniz Usul Ventures&#8217;\u0131n me\u015fru menfaatleri i\u00e7in, veri i\u015flemenin zorunlu oldu\u011fu hukuki sebeplere dayan\u0131larak i\u015flenmektedir. Ayr\u0131ca yurt d\u0131\u015f\u0131na veri aktar\u0131m\u0131 \u015feklindeki veri i\u015fleme faaliyeti <strong>\u201cilgili ki\u015finin a\u00e7\u0131k r\u0131zas\u0131\u201d<\/strong> ile ger\u00e7ekle\u015ftirilecektir.<\/p>\n<p>Usul Ventures, ki\u015fisel verileri i\u015fbu Ayd\u0131nlatma Metni ve Kanun \u00e7er\u00e7evesinde toplanma ama\u00e7lar\u0131na ayk\u0131r\u0131 olarak i\u015flemeyecek, ilgili ki\u015finin talep etmesi halinde veya resen veya verinin amac\u0131n\u0131n ortadan kalkmas\u0131 halinde silecek, yok edecek veya anonim hale getirecektir. i\u015fleme.<\/p>\n<ol start=\"5\">\n<li><strong>GDPR Uyar\u0131nca Haklar\u0131n\u0131z, B\u00f6l\u00fcm 3 Veri Sahibinin Haklar\u0131 (Mad. 12- Md.23)<\/strong>\n<ul>\n<li>Ki\u015fisel verilerin i\u015flenip i\u015flenmedi\u011fini \u00f6\u011frenme,<\/li>\n<li>Ki\u015fisel verileri i\u015flenmi\u015fse buna ili\u015fkin bilgi talep etme,<\/li>\n<li>Ki\u015fisel verilerin i\u015flenme amac\u0131n\u0131 ve amac\u0131na uygun kullan\u0131l\u0131p kullan\u0131lmad\u0131\u011f\u0131n\u0131 \u00f6\u011frenme,<\/li>\n<li>Yurt i\u00e7inde veya yurt d\u0131\u015f\u0131nda ki\u015fisel verilerin aktar\u0131ld\u0131\u011f\u0131 \u00fc\u00e7\u00fcnc\u00fc ki\u015fileri bilme,<\/li>\n<li>Ki\u015fisel verilerin eksik veya yanl\u0131\u015f i\u015flenmi\u015f olmas\u0131 h\u00e2linde bunlar\u0131n d\u00fczeltilmesini isteme,<\/li>\n<li>17. maddede \u00f6ng\u00f6r\u00fclen \u015fartlar \u00e7er\u00e7evesinde ki\u015fisel verilerin silinmesini veya yok edilmesini isteme,<\/li>\n<li>(5.5) ve (5.6) bentleri uyar\u0131nca yap\u0131lan i\u015flemlerin, ki\u015fisel verilerin aktar\u0131ld\u0131\u011f\u0131 \u00fc\u00e7\u00fcnc\u00fc ki\u015filere bildirilmesini isteme,<\/li>\n<li>\u0130\u015flenen verilerin m\u00fcnhas\u0131ran otomatik sistemler vas\u0131tas\u0131yla analiz edilmesi suretiyle aleyhinize bir sonucun ortaya \u00e7\u0131kmas\u0131na itiraz etme,<\/li>\n<\/ul>\n<\/li>\n<\/ol>\n<p>5.9. Ki\u015fisel verilerin hukuka ayk\u0131r\u0131 olarak i\u015flenmesi,<\/p>\n<p>Yukar\u0131da s\u0131ralanan sebepler kapsam\u0131nda; Kullan\u0131c\u0131n\u0131n zarara u\u011framas\u0131 halinde, zarara u\u011framas\u0131 halinde zarar\u0131n giderilmesini talep etme hakk\u0131na sahipsiniz.<\/p>\n<ol start=\"6\">\n<li style=\"list-style-type: none;\">\n<ol start=\"6\">\n<li><strong>Ba\u015fvurabilece\u011finiz Veri Denetleyicisi;<\/strong> GDPR uyar\u0131nca talebinizi Compa&#8217;m\u0131za ileteceksiniz.<br \/>\nYukar\u0131da belirtilen haklar\u0131n\u0131z\u0131 kullanmak i\u00e7in yaz\u0131l\u0131 olarak ba\u015fvurabilirsiniz. Yukar\u0131da belirtilen haklar\u0131n\u0131z\u0131 kullanmak i\u00e7in kimli\u011finizi tespit edici gerekli bilgileri i\u00e7eren talebinizi ve GDPR&#8217;nin 12. maddesinde belirtilen haklardan kullanmay\u0131 talep etti\u011finiz hakk\u0131n\u0131za ili\u015fkin a\u00e7\u0131klamalar\u0131n\u0131z\u0131 \u2026\u2026\u2026\u2026 adresine iletebilirsiniz. \u015eirketimizin <strong>Ki\u015fisel Verilerin \u0130\u015flenmesine \u0130li\u015fkin Ayd\u0131nlatma<\/strong><strong> metnini<\/strong><\/li>\n<\/ol>\n<\/li>\n<\/ol>\n<p>inceleyerek di\u011fer t\u00fcm haklar\u0131n\u0131z\u0131 \u00f6\u011frenebilirsiniz.<\/p>\n<ol start=\"6\">\n<li>\u0130lgili kanun kapsam\u0131nda t\u00fcm bilgi taleplerinizi <a href=\"mailto:info@usulventures.com\"><strong>info@usulventures.com<\/strong>&lt;\/ adresinden \u015eirketimize iletebilirsiniz. a&gt; \u0130lgili <strong>Ba\u015fvuru Formuna<\/strong> sitede belirtilen ba\u011flant\u0131dan veya alanlardan ula\u015fabilirsiniz. Ba\u015fvurular\u0131n\u0131z \u015eirketimiz taraf\u0131ndan kimli\u011finiz do\u011fruland\u0131ktan sonra Kanunda belirtilen s\u00fcreler do\u011frultusunda en ge\u00e7 30 (otuz) g\u00fcn i\u00e7erisinde sonu\u00e7land\u0131r\u0131lacakt\u0131r.<\/a><\/li>\n<\/ol>\n<p>Yukar\u0131da belirtilen y\u00f6ntemle yapaca\u011f\u0131n\u0131z uygulamalar\u0131n\u0131zda;<\/p>\n<ol>\n<li>Ba\u015fvuru yaz\u0131l\u0131 ise ad\u0131n\u0131z, tarihiniz ve imzan\u0131z<\/li>\n<li>E\u011fer T.R. vatanda\u015f, 11 haneli T.C. kimlik numaras\u0131<\/li>\n<li>E\u011fer T.R. vatanda\u015f\u0131n\u0131z, oturma izniniz ve kimlik numaran\u0131z<\/li>\n<li>Bildirime g\u00f6re ikamet veya i\u015f yeri adresiniz<\/li>\n<li>Bildirim esas\u0131 olarak varsa telefon numaran\u0131z ve e-posta adresiniz<\/li>\n<li>Talebin konusu<\/li>\n<\/ol>\n<p>Bunlar\u0131n mutlaka belirtilmesi ve talebinizin konusuna ili\u015fkin her t\u00fcrl\u00fc bilgi ve belgenin okunakl\u0131 bir \u015fekilde ba\u015fvurunuza eklenmesi gerekmektedir. Ba\u015fvurular\u0131n\u0131z Usul Ventures taraf\u0131ndan kimlik do\u011frulamas\u0131 yap\u0131ld\u0131ktan sonra kabul edilecek ve yasal s\u00fcre i\u00e7erisinde yaz\u0131l\u0131 veya elektronik ortamda cevap verilecektir. Yaz\u0131l\u0131 ba\u015fvurularda belgenin Usul Ventures&#8217;a ula\u015ft\u0131\u011f\u0131 tarihin; di\u011fer y\u00f6ntemlerle yap\u0131lan ba\u015fvurularda ise ba\u015fvurunun Usul Ventures&#8217;a ula\u015fmas\u0131 ba\u015fvuru tarihi olarak kabul edilecektir. Ba\u015fvurular\u0131n\u0131z\u0131n yan\u0131tlanmas\u0131 esas itibar\u0131yla \u00fccretsiz bir s\u00fcre\u00e7 olup, yan\u0131tlama i\u015fleminin bir maliyet gerektirmesi halinde mevzuat kapsam\u0131nda veya idari olarak belirlenen\/belirlenecek tarifedeki \u00fccret taraf\u0131n\u0131za yans\u0131t\u0131lacakt\u0131r.<\/p>\n<p><strong>Bu politika T\u00fcrk\u00e7e ve \u0130ngilizce olarak haz\u0131rlanm\u0131\u015f olup, iki versiyon aras\u0131nda farkl\u0131l\u0131k olmas\u0131 durumunda T\u00fcrk\u00e7e versiyon esas al\u0131nacakt\u0131r.<\/strong><\/p>\n<\/div><\/div><\/div><\/div><\/div>\n","protected":false},"excerpt":{"rendered":"","protected":false},"author":1,"featured_media":0,"parent":0,"menu_order":0,"comment_status":"closed","ping_status":"closed","template":"100-width.php","meta":{"footnotes":""},"class_list":["post-1839","page","type-page","status-publish","hentry"],"yoast_head":"<!-- This site is optimized with the Yoast SEO plugin v24.0 - https:\/\/yoast.com\/wordpress\/plugins\/seo\/ -->\n<title>Ayd\u0131nlatma Metni - Usul Ventures<\/title>\n<meta name=\"robots\" content=\"index, follow, max-snippet:-1, max-image-preview:large, max-video-preview:-1\" \/>\n<link rel=\"canonical\" href=\"https:\/\/www.usulventures.com\/tr\/aydinlatma-metni\/\" \/>\n<meta property=\"og:locale\" content=\"tr_TR\" \/>\n<meta property=\"og:type\" content=\"article\" \/>\n<meta property=\"og:title\" content=\"Ayd\u0131nlatma Metni - Usul Ventures\" \/>\n<meta property=\"og:url\" content=\"https:\/\/www.usulventures.com\/tr\/aydinlatma-metni\/\" \/>\n<meta property=\"og:site_name\" content=\"Usul Ventures\" \/>\n<meta property=\"article:modified_time\" content=\"2024-04-12T19:58:56+00:00\" \/>\n<meta name=\"twitter:card\" content=\"summary_large_image\" \/>\n<meta name=\"twitter:label1\" content=\"Tahmini okuma s\u00fcresi\" \/>\n\t<meta name=\"twitter:data1\" content=\"13 dakika\" \/>\n<script type=\"application\/ld+json\" class=\"yoast-schema-graph\">{\"@context\":\"https:\/\/schema.org\",\"@graph\":[{\"@type\":\"WebPage\",\"@id\":\"https:\/\/www.usulventures.com\/tr\/aydinlatma-metni\/\",\"url\":\"https:\/\/www.usulventures.com\/tr\/aydinlatma-metni\/\",\"name\":\"Ayd\u0131nlatma Metni - Usul Ventures\",\"isPartOf\":{\"@id\":\"https:\/\/www.usulventures.com\/#website\"},\"datePublished\":\"2023-10-17T21:13:00+00:00\",\"dateModified\":\"2024-04-12T19:58:56+00:00\",\"breadcrumb\":{\"@id\":\"https:\/\/www.usulventures.com\/tr\/aydinlatma-metni\/#breadcrumb\"},\"inLanguage\":\"tr\",\"potentialAction\":[{\"@type\":\"ReadAction\",\"target\":[\"https:\/\/www.usulventures.com\/tr\/aydinlatma-metni\/\"]}]},{\"@type\":\"BreadcrumbList\",\"@id\":\"https:\/\/www.usulventures.com\/tr\/aydinlatma-metni\/#breadcrumb\",\"itemListElement\":[{\"@type\":\"ListItem\",\"position\":1,\"name\":\"Home\",\"item\":\"https:\/\/www.usulventures.com\/tr\/\"},{\"@type\":\"ListItem\",\"position\":2,\"name\":\"Ayd\u0131nlatma Metni\"}]},{\"@type\":\"WebSite\",\"@id\":\"https:\/\/www.usulventures.com\/#website\",\"url\":\"https:\/\/www.usulventures.com\/\",\"name\":\"Usul Ventures\",\"description\":\"Financial Coach\",\"potentialAction\":[{\"@type\":\"SearchAction\",\"target\":{\"@type\":\"EntryPoint\",\"urlTemplate\":\"https:\/\/www.usulventures.com\/?s={search_term_string}\"},\"query-input\":{\"@type\":\"PropertyValueSpecification\",\"valueRequired\":true,\"valueName\":\"search_term_string\"}}],\"inLanguage\":\"tr\"}]}<\/script>\n<!-- \/ Yoast SEO plugin. -->","yoast_head_json":{"title":"Ayd\u0131nlatma Metni - Usul Ventures","robots":{"index":"index","follow":"follow","max-snippet":"max-snippet:-1","max-image-preview":"max-image-preview:large","max-video-preview":"max-video-preview:-1"},"canonical":"https:\/\/www.usulventures.com\/tr\/aydinlatma-metni\/","og_locale":"tr_TR","og_type":"article","og_title":"Ayd\u0131nlatma Metni - Usul Ventures","og_url":"https:\/\/www.usulventures.com\/tr\/aydinlatma-metni\/","og_site_name":"Usul Ventures","article_modified_time":"2024-04-12T19:58:56+00:00","twitter_card":"summary_large_image","twitter_misc":{"Tahmini okuma s\u00fcresi":"13 dakika"},"schema":{"@context":"https:\/\/schema.org","@graph":[{"@type":"WebPage","@id":"https:\/\/www.usulventures.com\/tr\/aydinlatma-metni\/","url":"https:\/\/www.usulventures.com\/tr\/aydinlatma-metni\/","name":"Ayd\u0131nlatma Metni - Usul Ventures","isPartOf":{"@id":"https:\/\/www.usulventures.com\/#website"},"datePublished":"2023-10-17T21:13:00+00:00","dateModified":"2024-04-12T19:58:56+00:00","breadcrumb":{"@id":"https:\/\/www.usulventures.com\/tr\/aydinlatma-metni\/#breadcrumb"},"inLanguage":"tr","potentialAction":[{"@type":"ReadAction","target":["https:\/\/www.usulventures.com\/tr\/aydinlatma-metni\/"]}]},{"@type":"BreadcrumbList","@id":"https:\/\/www.usulventures.com\/tr\/aydinlatma-metni\/#breadcrumb","itemListElement":[{"@type":"ListItem","position":1,"name":"Home","item":"https:\/\/www.usulventures.com\/tr\/"},{"@type":"ListItem","position":2,"name":"Ayd\u0131nlatma Metni"}]},{"@type":"WebSite","@id":"https:\/\/www.usulventures.com\/#website","url":"https:\/\/www.usulventures.com\/","name":"Usul Ventures","description":"Financial Coach","potentialAction":[{"@type":"SearchAction","target":{"@type":"EntryPoint","urlTemplate":"https:\/\/www.usulventures.com\/?s={search_term_string}"},"query-input":{"@type":"PropertyValueSpecification","valueRequired":true,"valueName":"search_term_string"}}],"inLanguage":"tr"}]}},"_links":{"self":[{"href":"https:\/\/www.usulventures.com\/tr\/wp-json\/wp\/v2\/pages\/1839","targetHints":{"allow":["GET"]}}],"collection":[{"href":"https:\/\/www.usulventures.com\/tr\/wp-json\/wp\/v2\/pages"}],"about":[{"href":"https:\/\/www.usulventures.com\/tr\/wp-json\/wp\/v2\/types\/page"}],"author":[{"embeddable":true,"href":"https:\/\/www.usulventures.com\/tr\/wp-json\/wp\/v2\/users\/1"}],"replies":[{"embeddable":true,"href":"https:\/\/www.usulventures.com\/tr\/wp-json\/wp\/v2\/comments?post=1839"}],"version-history":[{"count":3,"href":"https:\/\/www.usulventures.com\/tr\/wp-json\/wp\/v2\/pages\/1839\/revisions"}],"predecessor-version":[{"id":1849,"href":"https:\/\/www.usulventures.com\/tr\/wp-json\/wp\/v2\/pages\/1839\/revisions\/1849"}],"wp:attachment":[{"href":"https:\/\/www.usulventures.com\/tr\/wp-json\/wp\/v2\/media?parent=1839"}],"curies":[{"name":"wp","href":"https:\/\/api.w.org\/{rel}","templated":true}]}}