{"id":1840,"date":"2023-10-16T17:25:32","date_gmt":"2023-10-16T17:25:32","guid":{"rendered":"https:\/\/www.usulventures.com\/cookie-policy\/"},"modified":"2023-11-15T21:51:41","modified_gmt":"2023-11-15T21:51:41","slug":"cerez-politikasi","status":"publish","type":"page","link":"https:\/\/www.usulventures.com\/tr\/cerez-politikasi\/","title":{"rendered":"\u00c7erez politikas\u0131"},"content":{"rendered":"<div class=\"fusion-fullwidth fullwidth-box fusion-builder-row-1 fusion-flex-container has-pattern-background has-mask-background nonhundred-percent-fullwidth non-hundred-percent-height-scrolling\" style=\"--awb-border-radius-top-left:0px;--awb-border-radius-top-right:0px;--awb-border-radius-bottom-right:0px;--awb-border-radius-bottom-left:0px;--awb-flex-wrap:wrap;\" ><div class=\"fusion-builder-row fusion-row fusion-flex-align-items-flex-start fusion-flex-content-wrap\" style=\"max-width:1248px;margin-left: calc(-4% \/ 2 );margin-right: calc(-4% \/ 2 );\"><div class=\"fusion-layout-column fusion_builder_column fusion-builder-column-0 fusion_builder_column_1_1 1_1 fusion-flex-column\" style=\"--awb-bg-size:cover;--awb-width-large:100%;--awb-margin-top-large:0px;--awb-spacing-right-large:1.92%;--awb-margin-bottom-large:20px;--awb-spacing-left-large:1.92%;--awb-width-medium:100%;--awb-order-medium:0;--awb-spacing-right-medium:1.92%;--awb-spacing-left-medium:1.92%;--awb-width-small:100%;--awb-order-small:0;--awb-spacing-right-small:1.92%;--awb-spacing-left-small:1.92%;\"><div class=\"fusion-column-wrapper fusion-column-has-shadow fusion-flex-justify-content-flex-start fusion-content-layout-column\"><div class=\"fusion-text fusion-text-1\"><p>USUL G\u0130R\u0130\u015e\u0130MLER DANI\u015eMANLIK T\u0130CARET L\u0130M\u0130TED \u015e\u0130RKET\u0130 (\u201cUsul Ventures\u201d) taraf\u0131ndan sunulan hizmetlerden en verimli \u015fekilde faydalanabilmeniz ve kalitenizi geli\u015ftirebilmeniz amac\u0131yla \u00e7erezler ve di\u011fer baz\u0131 benzer teknolojiler ve \u00fcr\u00fcnler (topluca \u201c\u00c7erezler\/\u00c7erezler\u201d olarak an\u0131lacakt\u0131r) kullan\u0131lmaktad\u0131r. kullan\u0131c\u0131 deneyimi. Bu metinde Usul Ventures web sitelerini ziyaret etmeniz durumunda kullan\u0131lacak \u00c7erezlere ili\u015fkin a\u00e7\u0131klamalar bulunmaktad\u0131r.<\/p>\n<p><strong>1. \u00c7erez (\u201c\u00c7erez\u201d) nedir?<br \/>\n<\/strong><\/p>\n<p>\u00c7erezler, ziyaret etti\u011finiz web sitelerinin taray\u0131c\u0131lar\u0131 arac\u0131l\u0131\u011f\u0131yla cihaz\u0131n\u0131za veya a\u011f sunucusuna depolanan k\u00fc\u00e7\u00fck metin dosyalar\u0131d\u0131r. \u00c7erezler, ziyaret etti\u011finiz web sitesiyle ili\u015fkili sunucular taraf\u0131ndan olu\u015fturulur. B\u00f6ylece ziyaret\u00e7i ayn\u0131 siteyi ziyaret etti\u011finde sunucu bunu anlayabilir. \u00c7erezler hem zamandan tasarruf etmek hem de size daha iyi bir internet deneyimi sunmak amac\u0131yla kullan\u0131lmaktad\u0131r. \u00c7erezler ziyaret\u00e7ilerimize ait isim, cinsiyet, adres gibi ki\u015fisel verileri i\u00e7ermez. \u00c7erezler internetteki ziyaretleriniz hakk\u0131nda bilgi i\u00e7erir ve bilgisayar\u0131n\u0131zda ve mobil cihazlar\u0131n\u0131zda saklanan dosyalar hakk\u0131nda herhangi bir bilgi toplamaz.<\/p>\n<p><strong>2. \u00c7erez T\u00fcrleri ve Kullan\u0131m Ama\u00e7lar\u0131<\/strong><br \/>\n<strong>\u00a0 2.1. Kullan\u0131m s\u00fcresi a\u00e7\u0131s\u0131ndan \u00e7erezler<\/strong><\/p>\n<p><strong>Ge\u00e7ici \u00c7erezler:<\/strong> Oturum \u00c7erezleri, ziyaret\u00e7ilerin web sitesini ziyaretleri s\u0131ras\u0131nda kullan\u0131lan ve taray\u0131c\u0131 kapat\u0131ld\u0131ktan sonra ge\u00e7erlili\u011fini yitiren ge\u00e7ici \u00e7erezlerdir. Bu t\u00fcr \u00e7erezlerin kullan\u0131lmas\u0131n\u0131n temel amac\u0131, ziyaretiniz s\u0131ras\u0131nda web sitesinin d\u00fczg\u00fcn \u00e7al\u0131\u015fmas\u0131n\u0131 sa\u011flamakt\u0131r. \u00d6rne\u011fin; Bu \u00e7erezler sayesinde birden fazla sayfadan olu\u015fan online formlar\u0131n doldurulmas\u0131 m\u00fcmk\u00fcn olmaktad\u0131r.<br \/>\n<strong>Kal\u0131c\u0131 \u00c7erezler:<\/strong> Kal\u0131c\u0131 \u00e7erezler, web sitesinin i\u015flevselli\u011fini art\u0131rmak, daha h\u0131zl\u0131 ve iyi hizmet sunmak amac\u0131yla kullan\u0131lan \u00e7erez t\u00fcrleridir. Bu t\u00fcr \u00e7erezler, ziyaret\u00e7ilerin tercihlerini hat\u0131rlamak amac\u0131yla kullan\u0131l\u0131r ve taray\u0131c\u0131lar arac\u0131l\u0131\u011f\u0131yla ziyaret\u00e7ilerin cihazlar\u0131nda saklan\u0131r ve belirli bir tarihe kadar veya kullan\u0131c\u0131 taraf\u0131ndan silininceye kadar varl\u0131\u011f\u0131n\u0131 s\u00fcrd\u00fcr\u00fcr. Kal\u0131c\u0131 \u00e7erezler, ayarlar\u0131n\u0131zla uyumlu, ki\u015fiselle\u015ftirilmi\u015f bir deneyim sunmak gibi i\u015flemler i\u00e7in kullan\u0131l\u0131r. \u00c7erez Benzeri Teknolojiler de bu kapsama dahildir.<\/p>\n<p><strong>\u00a0 2.2. Kayna\u011fa g\u00f6re \u00e7erezler<br \/>\n<\/strong>Birinci taraf \u00e7erezleri: Ziyaret edilen web sitesi taraf\u0131ndan do\u011frudan ziyaret\u00e7ilerin cihazlar\u0131na yerle\u015ftirilir. Birinci taraf \u00e7erezler, ziyaret etti\u011finiz web sitesi taraf\u0131ndan tan\u0131mlan\u0131r ve yaln\u0131zca bu web sitesi taraf\u0131ndan okunabilir.<br \/>\n<strong>\u00dc\u00e7\u00fcnc\u00fc taraf \u00e7erezleri:<\/strong> \u00dc\u00e7\u00fcnc\u00fc taraf \u00e7erezleri, farkl\u0131 hizmetler i\u00e7in kullan\u0131lan di\u011fer kurulu\u015flar taraf\u0131ndan tan\u0131mlan\u0131r. \u00d6rne\u011fin \u00e7erezler, kulland\u0131\u011f\u0131m\u0131z d\u0131\u015f veri analiz hizmetleri ve bu hizmeti sa\u011flayan tedarik\u00e7iler taraf\u0131ndan neyin pop\u00fcler olup neyin olmad\u0131\u011f\u0131n\u0131 bildirmek i\u00e7in bizim ad\u0131m\u0131za ayarlan\u0131r.<\/p>\n<p><strong>\u00a0 2.3. Kullan\u0131m ama\u00e7lar\u0131na g\u00f6re \u00e7erezler<\/strong><br \/>\n<strong>Zorunlu \u00c7erezler:<\/strong> Zorunlu \u00e7erezler, internet sitemizde gezinebilmeniz, internet sitemizin d\u00fczg\u00fcn \u00e7al\u0131\u015fmas\u0131, \u00f6zelliklerinden ve hizmetlerinden faydalanabilmeniz i\u00e7in gerekli olan \u00e7erezlerdir. Bunun bir \u00f6rne\u011fi, ayn\u0131 oturumda bir sayfaya d\u00f6nd\u00fc\u011f\u00fcn\u00fczde \u00f6nceki eylemleri hat\u0131rlamakt\u0131r. Bu \u00e7erezlerin devre d\u0131\u015f\u0131 b\u0131rak\u0131lmas\u0131, hizmetlerin ve \u00f6zelliklerin tamam\u0131n\u0131n veya bir k\u0131sm\u0131n\u0131n kullan\u0131lamamas\u0131na neden olabilir.<br \/>\n<strong>\u0130\u015flevsellik \u00e7erezleri:<\/strong> \u0130\u015flevsellik \u00e7erezleri, daha ki\u015fiselle\u015ftirilmi\u015f bir \u00e7evrimi\u00e7i deneyim i\u00e7in web sitemizin web sitemizdeki ge\u00e7mi\u015f se\u00e7imleri (kullan\u0131c\u0131 ad\u0131n\u0131z, bulundu\u011funuz b\u00f6lge veya kulland\u0131\u011f\u0131n\u0131z dil) hat\u0131rlamas\u0131na olanak tan\u0131r. Bu \u00e7erezlerin toplad\u0131\u011f\u0131 bilgiler, kullan\u0131c\u0131 ad\u0131n\u0131z gibi sizi tan\u0131mlayabilecek verileri i\u00e7erebilir. Bu t\u00fcr \u00e7erezlerin kullan\u0131m\u0131na izin verilmemesi, size \u00f6zel bir \u00f6zelli\u011fin kullan\u0131lmamas\u0131 sonucunu do\u011furabilir ve tercihlerinizin hat\u0131rlanmas\u0131n\u0131 engelleyebilir.<br \/>\n<strong>Performans \u00e7erezleri:<\/strong> Bu \u00e7erezler, web sitemizi nas\u0131l kulland\u0131\u011f\u0131n\u0131z, hangi sayfalar\u0131 ziyaret etti\u011finiz ve hangi ba\u011flant\u0131lara t\u0131klad\u0131\u011f\u0131n\u0131z gibi bilgileri toplayarak ziyaret\u00e7ilerin web sitemizle nas\u0131l etkile\u015fim kurdu\u011funu anlamam\u0131za yard\u0131mc\u0131 olur. Bu \u00e7erezler sizi tan\u0131mlamaz. T\u00fcm veriler anonim olarak al\u0131n\u0131r ve toplan\u0131r. Bu \u00e7erezleri kabul ederek web sitemizi geli\u015ftirmemize yard\u0131mc\u0131 oluyor ve web sitemizin \u00e7al\u0131\u015fma \u015feklinin iyile\u015ftirilmesine katk\u0131da bulunuyorsunuz.<br \/>\n<strong>Pazarlama \u00e7erezleri:<\/strong> Bu \u00e7erezler size ve ilgi alanlar\u0131n\u0131za yak\u0131n i\u00e7erik ve kampanyalar sunmak i\u00e7in kullan\u0131l\u0131r. Ayr\u0131ca hedefli reklamlar sunmak veya bir reklam\u0131n size g\u00f6r\u00fcnt\u00fclenme say\u0131s\u0131n\u0131 s\u0131n\u0131rlamak i\u00e7in de kullan\u0131labilir. Bu \u00e7erezler size \u00f6zel \u00fcr\u00fcnleri tan\u0131tmak, ki\u015fiselle\u015ftirilmi\u015f reklamlar g\u00f6stermek ve reklam kampanyalar\u0131n\u0131n etkinli\u011fini \u00f6l\u00e7mek i\u00e7in kullan\u0131labilir.<br \/>\n\u0130\u015flevsellik, Performans ve Pazarlama \u00c7erezlerinin kullan\u0131m\u0131n\u0131 taray\u0131c\u0131n\u0131zdan istedi\u011finiz zaman engelleyebilirsiniz. Ancak bu durumun Siteyi kullan\u0131m\u0131n\u0131z\u0131 etkileyebilece\u011fini hat\u0131rlatmak isteriz. \u00c7erezleri devre d\u0131\u015f\u0131 b\u0131rakmak genellikle web sitesini kullanman\u0131z\u0131 engellemez; ancak sitenin baz\u0131 \u00f6zelliklerine eri\u015fimi k\u0131s\u0131tlayabilir veya bu \u00f6zelliklerin kullan\u0131lamamas\u0131na neden olabilir. Ayr\u0131ca \u00e7erezleri y\u00f6netmenize izin verip vermedi\u011fini g\u00f6rmek i\u00e7in taray\u0131c\u0131 ayarlar\u0131n\u0131z\u0131 kontrol etmenizi de \u00f6neririz.<\/p>\n<p><strong>3. \u00c7erezler Arac\u0131l\u0131\u011f\u0131yla \u0130\u015flenen ve Aktar\u0131lan Ki\u015fisel Verileriniz<\/strong><br \/>\nPazarlama bilgilerinizi (\u00e7erez kay\u0131tlar\u0131, kullan\u0131m bilgileri) \u00e7erezler arac\u0131l\u0131\u011f\u0131yla i\u015fliyor ve \u00fc\u00e7\u00fcnc\u00fc ki\u015filere aktar\u0131yoruz.<br \/>\nYurt i\u00e7i ve\/veya yurt d\u0131\u015f\u0131nda \u00e7al\u0131\u015fmak.<\/p>\n<p><strong>4. \u00c7erezlerin Saklanmas\u0131 ve \u00c7erezlere Eri\u015filmesi<\/strong><br \/>\nSitemiz taraf\u0131ndan olu\u015fturulan \u00e7erezler, sitemize eri\u015fmek i\u00e7in kulland\u0131\u011f\u0131n\u0131z web sitesi taray\u0131c\u0131n\u0131z taraf\u0131ndan bilgisayar\u0131n\u0131za kaydedilir. Bu \u00e7erezlerin i\u00e7erdi\u011fi bilgilere uzaktan eri\u015fim, yaln\u0131zca \u00e7erezi olu\u015fturan ve\/veya alan ad\u0131 alt\u0131nda sa\u011flanan Sitemiz taraf\u0131ndan ve ayn\u0131 taray\u0131c\u0131y\u0131 kullanman\u0131z durumunda m\u00fcmk\u00fcnd\u00fcr.<\/p>\n<p><strong>5. \u00c7erezleri Kabul Etme Tercihiniz<\/strong><br \/>\n\u00c7erezler, taray\u0131c\u0131lara eri\u015fti\u011finiz cihazlar\u0131n\u0131z arac\u0131l\u0131\u011f\u0131yla toplan\u0131r. Toplanan bu bilgiler cihaza \u00f6zeldir. \u0130nternet taray\u0131c\u0131lar\u0131n\u0131z genellikle ziyaret etti\u011finiz sitede kullan\u0131lan \u00e7erezleri otomatik olarak kabul etmektedir. \u00c7erezlerin saklanmas\u0131n\u0131 kontrol edebilir, temizleyebilir ve engelleyebilirsiniz. Web sitemizi kullanmak i\u00e7in \u00e7erez kullan\u0131m\u0131 zorunlu de\u011fildir ancak taray\u0131c\u0131n\u0131z\u0131 t\u00fcm \u00e7erezleri engelleyecek \u015fekilde ayarlaman\u0131z durumunda kullan\u0131c\u0131 deneyiminizin kalitesi d\u00fc\u015febilir ve Sitemize eri\u015fmenizi veya Sitemizin \u00e7e\u015fitli i\u015flevlerinden faydalanman\u0131z\u0131 engelleyebilir.<br \/>\nTaray\u0131c\u0131n\u0131z\u0131 t\u00fcm siteler veya belirli siteler i\u00e7in \u00e7erezleri engelleyecek, \u00e7erezler ayarland\u0131\u011f\u0131nda uyar\u0131 verecek, \u00fc\u00e7\u00fcnc\u00fc taraf \u00e7erezlerini engelleyecek veya t\u00fcm \u00e7erezleri oturum \u00e7erezleri olarak de\u011ferlendirecek \u015fekilde yap\u0131land\u0131rabilirsiniz.<\/p>\n<p><strong>6. \u00c7erez Kullan\u0131m\u0131n\u0131 Nas\u0131l Kontrol Edebilirim?<\/strong><br \/>\nTaray\u0131c\u0131 ayarlar\u0131n\u0131 de\u011fi\u015ftirerek \u00e7erez tercihlerini de\u011fi\u015ftirebilirsiniz. En \u00e7ok kullan\u0131lan taray\u0131c\u0131lar i\u00e7in kullan\u0131labilecek linkler a\u015fa\u011f\u0131da sunulmu\u015ftur;<br \/>\n<strong>Adobe Analytics:<\/strong> http:\/\/www.adobe.com\/uk\/privacy\/opt-out.html<br \/>\n<strong>Google Analytics :<\/strong> https:\/\/tools.google.com\/dlpage\/gaoptout<br \/>\n<strong>Google Chrome :<\/strong> http:\/\/www.google.com\/support\/chrome\/bin\/answer.py?hl=tr&amp;answer=95647<br \/>\n<strong>InternetExplorer<\/strong>:https:\/\/support.microsoft.com\/en-us\/help\/17442\/windowsinternetexplorerdelete-manage-cookies<br \/>\n<strong>Mozilla Firefox:<\/strong> http:\/\/support.mozilla.com\/en-US\/kb\/Cookies<br \/>\n<strong>Safari :<\/strong> https:\/\/support.apple.com\/kb\/ph19214?locale=tr_TR<\/p>\n<p><strong>7. \u00c7erezler Hakk\u0131nda Daha Fazla Bilgi<\/strong><br \/>\nUsul Ventures, gerekli yasal d\u00fczenlemeler ve \u015eirket politikas\u0131 kapsam\u0131nda bu \u00e7erez politikas\u0131nda de\u011fi\u015fiklik ve g\u00fcncelleme yapma yetkisine sahiptir. T\u00fcm bu de\u011fi\u015fiklik ve g\u00fcncellemeleri i\u00e7eren bilgilendirme metni internet sitesinde ve\/veya mobil uygulamada ve\/veya e-posta adresinize g\u00f6nderilmek suretiyle yay\u0131nlan\u0131r.<br \/>\n<strong>Bu \u00c7erez Politikas\u0131 T\u00fcrk\u00e7e ve \u0130ngilizce olarak haz\u0131rlanm\u0131\u015f olup, iki versiyon aras\u0131nda farkl\u0131l\u0131k olmas\u0131 durumunda T\u00fcrk\u00e7e versiyon esas al\u0131nacakt\u0131r.<\/strong><br \/>\n\u00c7erezler, bu \u00c7erez Politikas\u0131nda belirtilen ama\u00e7lar d\u0131\u015f\u0131nda kullan\u0131lmamakta olup, ilgili t\u00fcm i\u015flemler GDPR mevzuat\u0131na uygun olarak ger\u00e7ekle\u015ftirilmektedir. \u00c7erezler arac\u0131l\u0131\u011f\u0131yla elde edilen ki\u015fisel verileriniz, \u015eirketimiz taraf\u0131ndan GDPR mevzuat\u0131na uygun olarak i\u015flenmekte, saklanmakta ve g\u00fcvenli\u011fi sa\u011flanmaktad\u0131r.<br \/>\nSitemiz taraf\u0131ndan i\u015flenen ki\u015fisel verileriniz hakk\u0131nda daha detayl\u0131 bilgi i\u00e7in Usul Ventures Web Sitesinin <strong>Ki\u015fisel Verilerin \u0130\u015flenmesine \u0130li\u015fkin Ayd\u0131nlatma Metnini<\/strong> okuyunuz.<\/p>\n<\/div><\/div><\/div><\/div><\/div>\n","protected":false},"excerpt":{"rendered":"","protected":false},"author":1,"featured_media":0,"parent":0,"menu_order":0,"comment_status":"closed","ping_status":"closed","template":"100-width.php","meta":{"footnotes":""},"class_list":["post-1840","page","type-page","status-publish","hentry"],"yoast_head":"<!-- This site is optimized with the Yoast SEO plugin v24.0 - https:\/\/yoast.com\/wordpress\/plugins\/seo\/ -->\n<title>\u00c7erez politikas\u0131 - Usul Ventures<\/title>\n<meta name=\"robots\" content=\"index, follow, max-snippet:-1, max-image-preview:large, max-video-preview:-1\" \/>\n<link rel=\"canonical\" href=\"https:\/\/www.usulventures.com\/tr\/cerez-politikasi\/\" \/>\n<meta property=\"og:locale\" content=\"tr_TR\" \/>\n<meta property=\"og:type\" content=\"article\" \/>\n<meta property=\"og:title\" content=\"\u00c7erez politikas\u0131 - Usul Ventures\" \/>\n<meta property=\"og:url\" content=\"https:\/\/www.usulventures.com\/tr\/cerez-politikasi\/\" \/>\n<meta property=\"og:site_name\" content=\"Usul Ventures\" \/>\n<meta property=\"article:modified_time\" content=\"2023-11-15T21:51:41+00:00\" \/>\n<meta name=\"twitter:card\" content=\"summary_large_image\" \/>\n<meta name=\"twitter:label1\" content=\"Tahmini okuma s\u00fcresi\" \/>\n\t<meta name=\"twitter:data1\" content=\"10 dakika\" \/>\n<script type=\"application\/ld+json\" class=\"yoast-schema-graph\">{\"@context\":\"https:\/\/schema.org\",\"@graph\":[{\"@type\":\"WebPage\",\"@id\":\"https:\/\/www.usulventures.com\/tr\/cerez-politikasi\/\",\"url\":\"https:\/\/www.usulventures.com\/tr\/cerez-politikasi\/\",\"name\":\"\u00c7erez politikas\u0131 - Usul Ventures\",\"isPartOf\":{\"@id\":\"https:\/\/www.usulventures.com\/#website\"},\"datePublished\":\"2023-10-16T17:25:32+00:00\",\"dateModified\":\"2023-11-15T21:51:41+00:00\",\"breadcrumb\":{\"@id\":\"https:\/\/www.usulventures.com\/tr\/cerez-politikasi\/#breadcrumb\"},\"inLanguage\":\"tr\",\"potentialAction\":[{\"@type\":\"ReadAction\",\"target\":[\"https:\/\/www.usulventures.com\/tr\/cerez-politikasi\/\"]}]},{\"@type\":\"BreadcrumbList\",\"@id\":\"https:\/\/www.usulventures.com\/tr\/cerez-politikasi\/#breadcrumb\",\"itemListElement\":[{\"@type\":\"ListItem\",\"position\":1,\"name\":\"Home\",\"item\":\"https:\/\/www.usulventures.com\/tr\/\"},{\"@type\":\"ListItem\",\"position\":2,\"name\":\"\u00c7erez politikas\u0131\"}]},{\"@type\":\"WebSite\",\"@id\":\"https:\/\/www.usulventures.com\/#website\",\"url\":\"https:\/\/www.usulventures.com\/\",\"name\":\"Usul Ventures\",\"description\":\"Financial Coach\",\"potentialAction\":[{\"@type\":\"SearchAction\",\"target\":{\"@type\":\"EntryPoint\",\"urlTemplate\":\"https:\/\/www.usulventures.com\/?s={search_term_string}\"},\"query-input\":{\"@type\":\"PropertyValueSpecification\",\"valueRequired\":true,\"valueName\":\"search_term_string\"}}],\"inLanguage\":\"tr\"}]}<\/script>\n<!-- \/ Yoast SEO plugin. -->","yoast_head_json":{"title":"\u00c7erez politikas\u0131 - Usul Ventures","robots":{"index":"index","follow":"follow","max-snippet":"max-snippet:-1","max-image-preview":"max-image-preview:large","max-video-preview":"max-video-preview:-1"},"canonical":"https:\/\/www.usulventures.com\/tr\/cerez-politikasi\/","og_locale":"tr_TR","og_type":"article","og_title":"\u00c7erez politikas\u0131 - Usul Ventures","og_url":"https:\/\/www.usulventures.com\/tr\/cerez-politikasi\/","og_site_name":"Usul Ventures","article_modified_time":"2023-11-15T21:51:41+00:00","twitter_card":"summary_large_image","twitter_misc":{"Tahmini okuma s\u00fcresi":"10 dakika"},"schema":{"@context":"https:\/\/schema.org","@graph":[{"@type":"WebPage","@id":"https:\/\/www.usulventures.com\/tr\/cerez-politikasi\/","url":"https:\/\/www.usulventures.com\/tr\/cerez-politikasi\/","name":"\u00c7erez politikas\u0131 - Usul Ventures","isPartOf":{"@id":"https:\/\/www.usulventures.com\/#website"},"datePublished":"2023-10-16T17:25:32+00:00","dateModified":"2023-11-15T21:51:41+00:00","breadcrumb":{"@id":"https:\/\/www.usulventures.com\/tr\/cerez-politikasi\/#breadcrumb"},"inLanguage":"tr","potentialAction":[{"@type":"ReadAction","target":["https:\/\/www.usulventures.com\/tr\/cerez-politikasi\/"]}]},{"@type":"BreadcrumbList","@id":"https:\/\/www.usulventures.com\/tr\/cerez-politikasi\/#breadcrumb","itemListElement":[{"@type":"ListItem","position":1,"name":"Home","item":"https:\/\/www.usulventures.com\/tr\/"},{"@type":"ListItem","position":2,"name":"\u00c7erez politikas\u0131"}]},{"@type":"WebSite","@id":"https:\/\/www.usulventures.com\/#website","url":"https:\/\/www.usulventures.com\/","name":"Usul Ventures","description":"Financial Coach","potentialAction":[{"@type":"SearchAction","target":{"@type":"EntryPoint","urlTemplate":"https:\/\/www.usulventures.com\/?s={search_term_string}"},"query-input":{"@type":"PropertyValueSpecification","valueRequired":true,"valueName":"search_term_string"}}],"inLanguage":"tr"}]}},"_links":{"self":[{"href":"https:\/\/www.usulventures.com\/tr\/wp-json\/wp\/v2\/pages\/1840","targetHints":{"allow":["GET"]}}],"collection":[{"href":"https:\/\/www.usulventures.com\/tr\/wp-json\/wp\/v2\/pages"}],"about":[{"href":"https:\/\/www.usulventures.com\/tr\/wp-json\/wp\/v2\/types\/page"}],"author":[{"embeddable":true,"href":"https:\/\/www.usulventures.com\/tr\/wp-json\/wp\/v2\/users\/1"}],"replies":[{"embeddable":true,"href":"https:\/\/www.usulventures.com\/tr\/wp-json\/wp\/v2\/comments?post=1840"}],"version-history":[{"count":2,"href":"https:\/\/www.usulventures.com\/tr\/wp-json\/wp\/v2\/pages\/1840\/revisions"}],"predecessor-version":[{"id":1844,"href":"https:\/\/www.usulventures.com\/tr\/wp-json\/wp\/v2\/pages\/1840\/revisions\/1844"}],"wp:attachment":[{"href":"https:\/\/www.usulventures.com\/tr\/wp-json\/wp\/v2\/media?parent=1840"}],"curies":[{"name":"wp","href":"https:\/\/api.w.org\/{rel}","templated":true}]}}